{"id":6591,"date":"2025-10-25T12:09:27","date_gmt":"2025-10-25T10:09:27","guid":{"rendered":"https:\/\/franzberg.smartbits.hu\/szallasaink\/"},"modified":"2026-03-24T11:41:23","modified_gmt":"2026-03-24T10:41:23","slug":"szallasaink","status":"publish","type":"page","link":"https:\/\/franzberg.smartbits.hu\/de\/szallasaink\/","title":{"rendered":"Unsere Unterk\u00fcnfte"},"content":{"rendered":"<div class=\"wpb-content-wrapper\"><p>[vc_row full_width=&#8220;stretch_row&#8220; el_class=&#8220;vc-row-left-right-200 vc-col-no-pt&#8220;][vc_column][g5element_heading layout_style=&#8220;style-02&#8243; title=&#8220;W\u00e4hlen Sie die Unterk\u00fcnfte der Franz Berg Apartman Kft.,<br \/>\nwo Komfort auf Praktikabilit\u00e4t trifft!&#8220; description=&#8220;Unser hilfsbereites, famili\u00e4res Team setzt alles daran, dass Ihr Komfort bei uns an erster Stelle steht: Kehren Sie nach Ihrer Arbeit oder Reise am Ende des Tages in eine entspannende Umgebung zur\u00fcck und starten Sie voller Energie in den n\u00e4chsten Tag!&#8220; switch_line_field=&#8220;on&#8220; description_typography=&#8220;%7B%22font_family%22%3A%22%22%2C%22font_weight%22%3A%22%22%2C%22font_style%22%3A%22%22%2C%22font_size_lg%22%3A%2216%22%2C%22font_size_md%22%3A%22%22%2C%22font_size_sm%22%3A%22%22%2C%22font_size_xs%22%3A%22%22%2C%22align%22%3A%22%22%2C%22text_transform%22%3A%22%22%2C%22line_height%22%3A%22%22%2C%22letter_spacing%22%3A%22%22%2C%22color%22%3A%22%22%2C%22hover_color%22%3A%22%22%7D&#8220;][g5element_space spacing=&#8220;40&#8243;][\/vc_column][\/vc_row][vc_row full_width=&#8220;stretch_row&#8220; css=&#8220;.vc_custom_1602663642326{background-color: #fafafa !important;}&#8220; el_class=&#8220;vc-col-no-pt vc-row-left-right-200&#8243;][vc_column][g5element_heading layout_style=&#8220;style-02&#8243; title=&#8220;Unsere Unterk\u00fcnfte&#8220; switch_line_field=&#8220;on&#8220;][g5element_space spacing=&#8220;40&#8243;][g5element_properties item_skin=&#8220;skin-02&#8243; property_type=&#8220;228&#8243;][\/vc_column][\/vc_row]<\/p>\n<\/div>","protected":false},"excerpt":{"rendered":"<p>[vc_row full_width=&#8220;stretch_row&#8220; el_class=&#8220;vc-row-left-right-200 vc-col-no-pt&#8220;][vc_column][g5element_heading layout_style=&#8220;style-02&#8243; title=&#8220;W\u00e4hlen Sie die Unterk\u00fcnfte der Franz Berg Apartman Kft., wo Komfort auf Praktikabilit\u00e4t trifft!&#8220; description=&#8220;Unser hilfsbereites, famili\u00e4res Team setzt alles daran, dass Ihr Komfort bei uns an erster Stelle steht: Kehren Sie nach Ihrer Arbeit oder Reise am Ende des Tages in eine entspannende Umgebung zur\u00fcck und starten Sie voller [&hellip;]<\/p>\n","protected":false},"author":1,"featured_media":0,"parent":0,"menu_order":0,"comment_status":"closed","ping_status":"closed","template":"","meta":{"footnotes":""},"class_list":["post-6591","page","type-page","status-publish","hentry"],"_links":{"self":[{"href":"https:\/\/franzberg.smartbits.hu\/de\/wp-json\/wp\/v2\/pages\/6591","targetHints":{"allow":["GET"]}}],"collection":[{"href":"https:\/\/franzberg.smartbits.hu\/de\/wp-json\/wp\/v2\/pages"}],"about":[{"href":"https:\/\/franzberg.smartbits.hu\/de\/wp-json\/wp\/v2\/types\/page"}],"author":[{"embeddable":true,"href":"https:\/\/franzberg.smartbits.hu\/de\/wp-json\/wp\/v2\/users\/1"}],"replies":[{"embeddable":true,"href":"https:\/\/franzberg.smartbits.hu\/de\/wp-json\/wp\/v2\/comments?post=6591"}],"version-history":[{"count":3,"href":"https:\/\/franzberg.smartbits.hu\/de\/wp-json\/wp\/v2\/pages\/6591\/revisions"}],"predecessor-version":[{"id":6595,"href":"https:\/\/franzberg.smartbits.hu\/de\/wp-json\/wp\/v2\/pages\/6591\/revisions\/6595"}],"wp:attachment":[{"href":"https:\/\/franzberg.smartbits.hu\/de\/wp-json\/wp\/v2\/media?parent=6591"}],"curies":[{"name":"wp","href":"https:\/\/api.w.org\/{rel}","templated":true}]}}