{"id":6598,"date":"2025-10-05T11:30:09","date_gmt":"2025-10-05T09:30:09","guid":{"rendered":"https:\/\/franzberg.smartbits.hu\/titelseite\/"},"modified":"2026-03-24T11:58:15","modified_gmt":"2026-03-24T10:58:15","slug":"titelseite","status":"publish","type":"page","link":"https:\/\/franzberg.smartbits.hu\/de\/","title":{"rendered":"Titelseite"},"content":{"rendered":"<div class=\"wpb-content-wrapper\"><p>[vc_row full_width=&#8220;stretch_row&#8220; full_height=&#8220;yes&#8220; content_placement=&#8220;middle&#8220; bg_overlay_mode=&#8220;color&#8220; bg_overlay_opacity=&#8220;0&#8243; css=&#8220;.vc_custom_1762598845998{background-image: url(https:\/\/artpush.hu\/deingatlan\/wp-content\/uploads\/2025\/10\/franzberg_haus-mittweida_ext-01.jpg?id=5445) !important;background-position: center !important;background-repeat: no-repeat !important;background-size: cover !important;}&#8220; bg_overlay_color=&#8220;#000000&#8243;][vc_column][g5element_space spacing=&#8220;90&#8243;][g5element_heading layout_style=&#8220;style-02&#8243; title=&#8220;Immobilie zu vermieten \u2013<br \/>\nIn ganz Deutschland&#8220; subtitle=&#8220;Lassen Sie sich von uns zu Ihrem Zuhause f\u00fchren.&#8220; title_typography=&#8220;%7B%22font_family%22%3A%22%22%2C%22font_weight%22%3A%22%22%2C%22font_style%22%3A%22%22%2C%22font_size_lg%22%3A%2265%22%2C%22font_size_md%22%3A%22%22%2C%22font_size_sm%22%3A%22%22%2C%22font_size_xs%22%3A%2242%22%2C%22align%22%3A%22%22%2C%22text_transform%22%3A%22%22%2C%22line_height%22%3A%221.54%22%2C%22letter_spacing%22%3A%22%22%2C%22color%22%3A%22%23ffffff%22%2C%22hover_color%22%3A%22%22%7D&#8220; subtitle_typography=&#8220;%7B%22font_family%22%3A%22%22%2C%22font_weight%22%3A%22%22%2C%22font_style%22%3A%22%22%2C%22font_size_lg%22%3A%2222%22%2C%22font_size_md%22%3A%22%22%2C%22font_size_sm%22%3A%22%22%2C%22font_size_xs%22%3A%2218%22%2C%22align%22%3A%22%22%2C%22text_transform%22%3A%22%22%2C%22line_height%22%3A%22%22%2C%22letter_spacing%22%3A%223.67px%22%2C%22color%22%3A%22%23ffffff%22%2C%22hover_color%22%3A%22%22%7D&#8220; css=&#8220;.vc_custom_1773378293755{padding-top: 30px !important;}&#8220; el_class=&#8220;kiemelt-szoveg&#8220;][g5element_space spacing=&#8220;83&#8243;][g5element_heading layout_style=&#8220;style-02&#8243; title=&#8220;Buchen Sie jetzt online!&#8220; tag_html=&#8220;3&#8243; title_typography=&#8220;%7B%22font_family%22%3A%22%22%2C%22font_weight%22%3A%22%22%2C%22font_style%22%3A%22%22%2C%22font_size_lg%22%3A%2226%22%2C%22font_size_md%22%3A%22%22%2C%22font_size_sm%22%3A%22%22%2C%22font_size_xs%22%3A%2216%22%2C%22align%22%3A%22%22%2C%22text_transform%22%3A%22%22%2C%22line_height%22%3A%221.54%22%2C%22letter_spacing%22%3A%22%22%2C%22color%22%3A%22%23ffffff%22%2C%22hover_color%22%3A%22%22%7D&#8220; subtitle_typography=&#8220;%7B%22font_family%22%3A%22%22%2C%22font_weight%22%3A%22%22%2C%22font_style%22%3A%22%22%2C%22font_size_lg%22%3A%2220%22%2C%22font_size_md%22%3A%22%22%2C%22font_size_sm%22%3A%22%22%2C%22font_size_xs%22%3A%2216%22%2C%22align%22%3A%22%22%2C%22text_transform%22%3A%22%22%2C%22line_height%22%3A%22%22%2C%22letter_spacing%22%3A%223.67px%22%2C%22color%22%3A%22%23ffffff%22%2C%22hover_color%22%3A%22%22%7D&#8220; el_class=&#8220;kiemelt-szoveg&#8220;][g5element_space spacing=&#8220;20&#8243;][g5element_button title=&#8220;Verf\u00fcgbarkeit pr\u00fcfen&#8220; align=&#8220;center&#8220; link=&#8220;url:https%3A%2F%2Fibe.sabeeapp.com%2Fproperties%2FFranz-Berg-Immobilien-Kft.-Buchung%2F%3Fp%3DbSp739f40cfb51d5815%26checkin%3D2025-10-24%26checkout%3D2025-10-25|target:_blank&#8220;][g5element_space][\/vc_column][\/vc_row][vc_row full_width=&#8220;stretch_row&#8220; el_class=&#8220;vc-row-left-right-200 vc-col-no-pt&#8220;][vc_column][g5element_space spacing=&#8220;90&#8243; spacing_md=&#8220;70&#8243;][g5element_heading layout_style=&#8220;style-02&#8243; title=&#8220;W\u00e4hlen Sie die Unterk\u00fcnfte der Franz Berg Apartman Kft.,<br \/>\nwo Komfort auf Praktikabilit\u00e4t trifft!&#8220; description=&#8220;Deutschlandweit erwarten wir unsere G\u00e4ste in 8 H\u00e4usern mit x hochwertig ausgestatteten Wohneinheiten und insgesamt y Betten.<\/p>\n<p>In der Kartenansicht k\u00f6nnen Sie sich dar\u00fcber informieren, welche unserer Unterk\u00fcnfte sich in Ihrem Zielgebiet befindet.&#8220; description_typography=&#8220;%7B%22font_family%22%3A%22%22%2C%22font_weight%22%3A%22%22%2C%22font_style%22%3A%22%22%2C%22font_size_lg%22%3A%2216%22%2C%22font_size_md%22%3A%22%22%2C%22font_size_sm%22%3A%22%22%2C%22font_size_xs%22%3A%22%22%2C%22align%22%3A%22%22%2C%22text_transform%22%3A%22%22%2C%22line_height%22%3A%22%22%2C%22letter_spacing%22%3A%22%22%2C%22color%22%3A%22%22%2C%22hover_color%22%3A%22%22%7D&#8220;][g5element_space spacing=&#8220;20&#8243;][g5element_google_map color_effect1=&#8220;&#8220; values=&#8220;%5B%7B%22address%22%3A%2249.5333%2C%206.3833%22%2C%22title%22%3A%22Perl-Nening%22%2C%22description%22%3A%22Neque%20porro%20quisquam%20est%20qui%20dolorem%20ipsum%20quia%20dolor%20sit%20amet%2C%20consectetur%2C%20adipisci%20velit&#8230;%22%2C%22image%22%3A%225932%22%2C%22image_marker%22%3A%221449%22%7D%2C%7B%22address%22%3A%2249.5592%2C%2011.3431%22%2C%22title%22%3A%22Schnaittach-i%20h%C3%A1z%22%2C%22description%22%3A%22Neque%20porro%20quisquam%20est%20qui%20dolorem%20ipsum%20quia%20dolor%20sit%20amet%2C%20consectetur%2C%20adipisci%20velit&#8230;%22%2C%22image%22%3A%225928%22%2C%22image_marker%22%3A%221449%22%7D%2C%7B%22address%22%3A%2249.5000%2C%206.4667%22%2C%22title%22%3A%22Oberleuken%20(Perl)%22%2C%22description%22%3A%22Neque%20porro%20quisquam%20est%20qui%20dolorem%20ipsum%20quia%20dolor%20sit%20amet%2C%20consectetur%2C%20adipisci%20velit&#8230;%22%2C%22image%22%3A%225483%22%2C%22image_marker%22%3A%221449%22%7D%2C%7B%22address%22%3A%2250.9856%2C%2012.9811%22%2C%22title%22%3A%22Mittweida%22%2C%22description%22%3A%22Neque%20porro%20quisquam%20est%20qui%20dolorem%20ipsum%20quia%20dolor%20sit%20amet%2C%20consectetur%2C%20adipisci%20velit&#8230;%22%2C%22image%22%3A%225456%22%2C%22image_marker%22%3A%221449%22%7D%2C%7B%22address%22%3A%2250.6868%2C%2010.9142%22%2C%22title%22%3A%22Ilmenau%22%2C%22description%22%3A%22Neque%20porro%20quisquam%20est%20qui%20dolorem%20ipsum%20quia%20dolor%20sit%20amet%2C%20consectetur%2C%20adipisci%20velit&#8230;%22%2C%22image%22%3A%225437%22%2C%22image_marker%22%3A%221449%22%7D%2C%7B%22address%22%3A%2249.5433%2C%206.5336%22%2C%22title%22%3A%22Freudenburg%22%2C%22description%22%3A%22Neque%20porro%20quisquam%20est%20qui%20dolorem%20ipsum%20quia%20dolor%20sit%20amet%2C%20consectetur%2C%20adipisci%20velit&#8230;%22%2C%22image%22%3A%225417%22%2C%22image_marker%22%3A%221449%22%7D%2C%7B%22address%22%3A%2250.0403%2C%206.9082%20%22%2C%22title%22%3A%22Greimerath%20(Wittlich-Land)%22%2C%22description%22%3A%22Neque%20porro%20quisquam%20est%20qui%20dolorem%20ipsum%20quia%20dolor%20sit%20amet%2C%20consectetur%2C%20adipisci%20velit&#8230;%22%2C%22image%22%3A%225248%22%2C%22image_marker%22%3A%221449%22%7D%5D&#8220;][g5element_space spacing=&#8220;40&#8243;][\/vc_column][\/vc_row][vc_row full_width=&#8220;stretch_row&#8220; el_class=&#8220;vc-row-left-right-200 vc-col-no-pt&#8220;][vc_column][g5element_space spacing=&#8220;90&#8243; spacing_md=&#8220;70&#8243;][\/vc_column][vc_column width=&#8220;7\/12&#8243;][g5element_heading layout_style=&#8220;style-02&#8243; title=&#8220;W\u00e4hlen Sie aus, in welchem unserer H\u00e4user Sie \u00fcbernachten m\u00f6chten.&#8220; switch_line_field=&#8220;on&#8220; title_typography=&#8220;%7B%22font_family%22%3A%22%22%2C%22font_weight%22%3A%22%22%2C%22font_style%22%3A%22%22%2C%22font_size_lg%22%3A%2225%22%2C%22font_size_md%22%3A%22%22%2C%22font_size_sm%22%3A%22%22%2C%22font_size_xs%22%3A%22%22%2C%22align%22%3A%22%22%2C%22text_transform%22%3A%22%22%2C%22line_height%22%3A%22%22%2C%22letter_spacing%22%3A%22%22%2C%22color%22%3A%22%22%2C%22hover_color%22%3A%22%22%7D&#8220;][\/vc_column][vc_column width=&#8220;5\/12&#8243;][g5element_space spacing=&#8220;20&#8243;][g5element_button title=&#8220;See all properties&#8220; shape=&#8220;rounded&#8220; color=&#8220;primary&#8220; align=&#8220;right&#8220; icon_font=&#8220;fas fa-long-arrow-alt-right&#8220; icon_align=&#8220;right&#8220; button_typography=&#8220;%7B%22font_family%22%3A%22%22%2C%22font_weight%22%3A%22%22%2C%22font_style%22%3A%22%22%2C%22font_size_lg%22%3A%22%22%2C%22font_size_md%22%3A%22%22%2C%22font_size_sm%22%3A%22%22%2C%22font_size_xs%22%3A%22%22%2C%22align%22%3A%22%22%2C%22text_transform%22%3A%22%22%2C%22line_height%22%3A%22%22%2C%22letter_spacing%22%3A%22-0.22px%22%2C%22color%22%3A%22%22%2C%22hover_color%22%3A%22%22%7D&#8220; padding_left_right=&#8220;34&#8243; link=&#8220;url:https%3A%2F%2Ffranzberg.smartbits.hu%2Fszallasaink%2F|title:Sz%C3%A1ll%C3%A1saink&#8220; el_class=&#8220;justify-content-start-sm&#8220;][\/vc_column][vc_column][g5element_space spacing=&#8220;27&#8243;][g5element_properties item_skin=&#8220;skin-02&#8243; posts_per_page=&#8220;4&#8243; post_paging=&#8220;load-more&#8220; property_type=&#8220;228&#8243; property_label=&#8220;132&#8243;][g5element_space spacing=&#8220;70&#8243;][\/vc_column][\/vc_row][vc_row full_width=&#8220;stretch_row&#8220; el_class=&#8220;vc-col-no-pt vc-row-left-right-200&#8243; css=&#8220;.vc_custom_1595906378750{background-color: #fafafa !important;}&#8220;][vc_column][g5element_space spacing=&#8220;102&#8243; spacing_md=&#8220;65&#8243;][\/vc_column][vc_column width=&#8220;1\/2&#8243; offset=&#8220;vc_col-lg-4 vc_col-md-5&#8243;][g5element_heading title=&#8220;Voll ausgestattete Zimmer und Wohnungen&#8220; switch_line_field=&#8220;on&#8220; limit_width=&#8220;380&#8243;][g5element_space spacing=&#8220;32&#8243;][\/vc_column][vc_column width=&#8220;1\/2&#8243; offset=&#8220;vc_col-lg-8 vc_col-md-7&#8243;][g5element_space spacing=&#8220;22&#8243; spacing_sm=&#8220;28&#8243;][g5element_slider_container slides_to_show=&#8220;4&#8243; columns_lg=&#8220;3&#8243; columns_md=&#8220;2&#8243; columns_sm=&#8220;3&#8243; columns_xs=&#8220;2&#8243; dots_navigation=&#8220;&#8220; el_class=&#8220;custom-slider-pd custom-slider-arrow-01 lg-arrow-hide&#8220;][g5element_image_box layout_style=&#8220;style-02&#8243; icon_image=&#8220;5580&#8243; img_style=&#8220;img-default&#8220; hover_image_effect=&#8220;&#8220; title=&#8220;Badezimmer&#8220;]mit Dusche und WC[\/g5element_image_box][g5element_image_box layout_style=&#8220;style-02&#8243; icon_image=&#8220;5584&#8243; img_style=&#8220;img-default&#8220; hover_image_effect=&#8220;&#8220; title=&#8220;Waschraum&#8220;]mit Waschmaschine und Trockner[\/g5element_image_box][g5element_image_box layout_style=&#8220;style-02&#8243; icon_image=&#8220;5581&#8243; img_style=&#8220;img-default&#8220; hover_image_effect=&#8220;&#8220; title=&#8220;K\u00fcche&#8220;]mit K\u00fcchenutensilien, Mikrowelle und Kaffeemaschine[\/g5element_image_box][g5element_image_box layout_style=&#8220;style-02&#8243; icon_image=&#8220;5585&#8243; img_style=&#8220;img-default&#8220; hover_image_effect=&#8220;&#8220; title=&#8220;Internet&#8220;]in allen Zimmern und Apartments[\/g5element_image_box][g5element_image_box layout_style=&#8220;style-02&#8243; icon_image=&#8220;5583&#8243; img_style=&#8220;img-default&#8220; hover_image_effect=&#8220;&#8220; title=&#8220;TV&#8220;]im Apartment oder im Gemeinschaftsraum[\/g5element_image_box][g5element_image_box layout_style=&#8220;style-02&#8243; icon_image=&#8220;5582&#8243; img_style=&#8220;img-default&#8220; hover_image_effect=&#8220;&#8220; title=&#8220;Parkplatz &#8222;]an der Unterkunft oder in unmittelbarer N\u00e4he[\/g5element_image_box][\/g5element_slider_container][\/vc_column][vc_column][g5element_space spacing=&#8220;99&#8243; spacing_md=&#8220;80&#8243; spacing_sm=&#8220;5&#8243;][\/vc_column][\/vc_row][vc_row full_width=&#8220;stretch_row&#8220; content_placement=&#8220;middle&#8220; el_class=&#8220;vc-row-left-right-200 custom-bg-image-02 vc-col-no-pt&#8220; css=&#8220;.vc_custom_1773405173745{background-image: url(https:\/\/franzberg.smartbits.hu\/wp-content\/uploads\/2025\/10\/franzberg_haus-schnaittach_ext-03.jpg?id=5928) !important;background-position: center !important;background-repeat: no-repeat !important;background-size: cover !important;}&#8220;][vc_column width=&#8220;1\/3&#8243;][\/vc_column][vc_column width=&#8220;1\/3&#8243;][\/vc_column][vc_column width=&#8220;1\/3&#8243;][g5element_space spacing=&#8220;100&#8243; spacing_md=&#8220;80&#8243;][g5element_heading title=&#8220;Keres kiad\u00f3 ingatlanjaink k\u00f6z\u00f6tt&#8220; switch_line_field=&#8220;on&#8220; title_typography=&#8220;%7B%22font_family%22%3A%22%22%2C%22font_weight%22%3A%22%22%2C%22font_style%22%3A%22%22%2C%22font_size_lg%22%3A%22%22%2C%22font_size_md%22%3A%22%22%2C%22font_size_sm%22%3A%22%22%2C%22font_size_xs%22%3A%22%22%2C%22align%22%3A%22%22%2C%22text_transform%22%3A%22%22%2C%22line_height%22%3A%22%22%2C%22letter_spacing%22%3A%22%22%2C%22color%22%3A%22%23ffffff%22%2C%22hover_color%22%3A%22%22%7D&#8220; description_typography=&#8220;%7B%22font_family%22%3A%22%22%2C%22font_weight%22%3A%22%22%2C%22font_style%22%3A%22%22%2C%22font_size_lg%22%3A%22%22%2C%22font_size_md%22%3A%22%22%2C%22font_size_sm%22%3A%22%22%2C%22font_size_xs%22%3A%22%22%2C%22align%22%3A%22%22%2C%22text_transform%22%3A%22%22%2C%22line_height%22%3A%22%22%2C%22letter_spacing%22%3A%22%22%2C%22color%22%3A%22%23ffffff%22%2C%22hover_color%22%3A%22%22%7D&#8220;][g5element_space spacing=&#8220;33&#8243;][g5element_property_search_form search_form=&#8220;ere-search-06&#8243; el_class=&#8220;custom-ere-search-02 custom-height-52&#8243;][g5element_space spacing=&#8220;92&#8243; spacing_md=&#8220;80&#8243;][\/vc_column][\/vc_row][vc_row full_width=&#8220;stretch_row&#8220; equal_height=&#8220;yes&#8220; css=&#8220;.vc_custom_1773312330452{background-image: url(https:\/\/artpush.hu\/deingatlan\/wp-content\/uploads\/2020\/07\/bg-services-01.jpg?id=667) !important;background-position: center !important;background-repeat: no-repeat !important;background-size: cover !important;}&#8220; el_class=&#8220;vc-col-no-pt vc-row-left-right-200 custom-pd-180&#8243; responsive=&#8220;vc_hidden-lg vc_hidden-md vc_hidden-sm vc_hidden-xs&#8220;][vc_column][g5element_space spacing=&#8220;94&#8243; spacing_md=&#8220;64&#8243;][g5element_heading layout_style=&#8220;style-02&#8243; title=&#8220;Extra infok helye&#8220; switch_line_field=&#8220;on&#8220; limit_width=&#8220;650&#8243; title_typography=&#8220;%7B%22font_family%22%3A%22%22%2C%22font_weight%22%3A%22%22%2C%22font_style%22%3A%22%22%2C%22font_size_lg%22%3A%2226%22%2C%22font_size_md%22%3A%22%22%2C%22font_size_sm%22%3A%22%22%2C%22font_size_xs%22%3A%22%22%2C%22align%22%3A%22%22%2C%22text_transform%22%3A%22%22%2C%22line_height%22%3A%221.85%22%2C%22letter_spacing%22%3A%22%22%2C%22color%22%3A%22%22%2C%22hover_color%22%3A%22%22%7D&#8220;][g5element_space spacing=&#8220;50&#8243;][\/vc_column][vc_column el_class=&#8220;xl-pd-left-right-20&#8243; offset=&#8220;vc_col-lg-4 vc_col-md-6&#8243;][g5element_image_box layout_style=&#8220;style-04&#8243; icon_image=&#8220;5581&#8243; img_style=&#8220;img-default&#8220; img_size=&#8220;custom&#8220; img_width=&#8220;116&#8243; hover_image_effect=&#8220;&#8220; title=&#8220;Lorem ipsum&#8220; el_class=&#8220;custom-image-box-01 custom-bg-light&#8220;]Lorem ipsum dolor sit amet, consec tetur cing elit. Suspe ndisse suscipit[\/g5element_image_box][g5element_space spacing=&#8220;&#8220; spacing_lg=&#8220;30&#8243;][\/vc_column][vc_column el_class=&#8220;xl-pd-left-right-20&#8243; offset=&#8220;vc_col-lg-4 vc_col-md-6&#8243;][g5element_image_box layout_style=&#8220;style-04&#8243; icon_image=&#8220;5580&#8243; img_style=&#8220;img-default&#8220; img_size=&#8220;custom&#8220; img_width=&#8220;116&#8243; hover_image_effect=&#8220;&#8220; title=&#8220;Lorem ipsum&#8220; el_class=&#8220;custom-image-box-01 custom-bg-light&#8220;]Lorem ipsum dolor sit amet, consec tetur cing elit. Suspe ndisse suscipit[\/g5element_image_box][g5element_space spacing=&#8220;&#8220; spacing_lg=&#8220;30&#8243;][\/vc_column][vc_column el_class=&#8220;xl-pd-left-right-20&#8243; offset=&#8220;vc_col-lg-4 vc_col-md-12&#8243;][g5element_image_box layout_style=&#8220;style-04&#8243; icon_image=&#8220;5584&#8243; img_style=&#8220;img-default&#8220; img_size=&#8220;custom&#8220; img_width=&#8220;116&#8243; hover_image_effect=&#8220;&#8220; title=&#8220;Lorem ipsum&#8220; el_class=&#8220;custom-image-box-01 custom-bg-light&#8220;]Lorem ipsum dolor sit amet, consec tetur cing elit. Suspe ndisse suscipit[\/g5element_image_box][g5element_space spacing=&#8220;&#8220; spacing_lg=&#8220;30&#8243;][\/vc_column][vc_column][g5element_space spacing=&#8220;110&#8243; spacing_md=&#8220;80&#8243;][\/vc_column][\/vc_row]<\/p>\n<\/div>","protected":false},"excerpt":{"rendered":"<p>[vc_row full_width=&#8220;stretch_row&#8220; full_height=&#8220;yes&#8220; content_placement=&#8220;middle&#8220; bg_overlay_mode=&#8220;color&#8220; bg_overlay_opacity=&#8220;0&#8243; css=&#8220;.vc_custom_1762598845998{background-image: url(https:\/\/artpush.hu\/deingatlan\/wp-content\/uploads\/2025\/10\/franzberg_haus-mittweida_ext-01.jpg?id=5445) !important;background-position: center !important;background-repeat: no-repeat !important;background-size: cover !important;}&#8220; bg_overlay_color=&#8220;#000000&#8243;][vc_column][g5element_space spacing=&#8220;90&#8243;][g5element_heading layout_style=&#8220;style-02&#8243; title=&#8220;Immobilie zu vermieten \u2013 In ganz Deutschland&#8220; subtitle=&#8220;Lassen Sie sich von uns zu Ihrem Zuhause f\u00fchren.&#8220; title_typography=&#8220;%7B%22font_family%22%3A%22%22%2C%22font_weight%22%3A%22%22%2C%22font_style%22%3A%22%22%2C%22font_size_lg%22%3A%2265%22%2C%22font_size_md%22%3A%22%22%2C%22font_size_sm%22%3A%22%22%2C%22font_size_xs%22%3A%2242%22%2C%22align%22%3A%22%22%2C%22text_transform%22%3A%22%22%2C%22line_height%22%3A%221.54%22%2C%22letter_spacing%22%3A%22%22%2C%22color%22%3A%22%23ffffff%22%2C%22hover_color%22%3A%22%22%7D&#8220; subtitle_typography=&#8220;%7B%22font_family%22%3A%22%22%2C%22font_weight%22%3A%22%22%2C%22font_style%22%3A%22%22%2C%22font_size_lg%22%3A%2222%22%2C%22font_size_md%22%3A%22%22%2C%22font_size_sm%22%3A%22%22%2C%22font_size_xs%22%3A%2218%22%2C%22align%22%3A%22%22%2C%22text_transform%22%3A%22%22%2C%22line_height%22%3A%22%22%2C%22letter_spacing%22%3A%223.67px%22%2C%22color%22%3A%22%23ffffff%22%2C%22hover_color%22%3A%22%22%7D&#8220; css=&#8220;.vc_custom_1773378293755{padding-top: 30px !important;}&#8220; el_class=&#8220;kiemelt-szoveg&#8220;][g5element_space spacing=&#8220;83&#8243;][g5element_heading layout_style=&#8220;style-02&#8243; title=&#8220;Buchen Sie jetzt online!&#8220; tag_html=&#8220;3&#8243; title_typography=&#8220;%7B%22font_family%22%3A%22%22%2C%22font_weight%22%3A%22%22%2C%22font_style%22%3A%22%22%2C%22font_size_lg%22%3A%2226%22%2C%22font_size_md%22%3A%22%22%2C%22font_size_sm%22%3A%22%22%2C%22font_size_xs%22%3A%2216%22%2C%22align%22%3A%22%22%2C%22text_transform%22%3A%22%22%2C%22line_height%22%3A%221.54%22%2C%22letter_spacing%22%3A%22%22%2C%22color%22%3A%22%23ffffff%22%2C%22hover_color%22%3A%22%22%7D&#8220; subtitle_typography=&#8220;%7B%22font_family%22%3A%22%22%2C%22font_weight%22%3A%22%22%2C%22font_style%22%3A%22%22%2C%22font_size_lg%22%3A%2220%22%2C%22font_size_md%22%3A%22%22%2C%22font_size_sm%22%3A%22%22%2C%22font_size_xs%22%3A%2216%22%2C%22align%22%3A%22%22%2C%22text_transform%22%3A%22%22%2C%22line_height%22%3A%22%22%2C%22letter_spacing%22%3A%223.67px%22%2C%22color%22%3A%22%23ffffff%22%2C%22hover_color%22%3A%22%22%7D&#8220; el_class=&#8220;kiemelt-szoveg&#8220;][g5element_space spacing=&#8220;20&#8243;][g5element_button title=&#8220;Verf\u00fcgbarkeit pr\u00fcfen&#8220; align=&#8220;center&#8220; link=&#8220;url:https%3A%2F%2Fibe.sabeeapp.com%2Fproperties%2FFranz-Berg-Immobilien-Kft.-Buchung%2F%3Fp%3DbSp739f40cfb51d5815%26checkin%3D2025-10-24%26checkout%3D2025-10-25|target:_blank&#8220;][g5element_space][\/vc_column][\/vc_row][vc_row [&hellip;]<\/p>\n","protected":false},"author":1,"featured_media":0,"parent":0,"menu_order":0,"comment_status":"closed","ping_status":"closed","template":"","meta":{"footnotes":""},"class_list":["post-6598","page","type-page","status-publish","hentry"],"_links":{"self":[{"href":"https:\/\/franzberg.smartbits.hu\/de\/wp-json\/wp\/v2\/pages\/6598","targetHints":{"allow":["GET"]}}],"collection":[{"href":"https:\/\/franzberg.smartbits.hu\/de\/wp-json\/wp\/v2\/pages"}],"about":[{"href":"https:\/\/franzberg.smartbits.hu\/de\/wp-json\/wp\/v2\/types\/page"}],"author":[{"embeddable":true,"href":"https:\/\/franzberg.smartbits.hu\/de\/wp-json\/wp\/v2\/users\/1"}],"replies":[{"embeddable":true,"href":"https:\/\/franzberg.smartbits.hu\/de\/wp-json\/wp\/v2\/comments?post=6598"}],"version-history":[{"count":3,"href":"https:\/\/franzberg.smartbits.hu\/de\/wp-json\/wp\/v2\/pages\/6598\/revisions"}],"predecessor-version":[{"id":6609,"href":"https:\/\/franzberg.smartbits.hu\/de\/wp-json\/wp\/v2\/pages\/6598\/revisions\/6609"}],"wp:attachment":[{"href":"https:\/\/franzberg.smartbits.hu\/de\/wp-json\/wp\/v2\/media?parent=6598"}],"curies":[{"name":"wp","href":"https:\/\/api.w.org\/{rel}","templated":true}]}}