{"id":6610,"date":"2020-11-07T09:22:51","date_gmt":"2020-11-07T08:22:51","guid":{"rendered":"https:\/\/franzberg.smartbits.hu\/rolunk\/"},"modified":"2026-03-24T12:16:08","modified_gmt":"2026-03-24T11:16:08","slug":"rolunk","status":"publish","type":"page","link":"https:\/\/franzberg.smartbits.hu\/de\/rolunk\/","title":{"rendered":"\u00dcber uns"},"content":{"rendered":"<div class=\"wpb-content-wrapper\"><p>[vc_row full_width=&#8220;stretch_row&#8220; bg_overlay_mode=&#8220;color&#8220; bg_overlay_opacity=&#8220;40&#8243; css=&#8220;.vc_custom_1762855856841{background-image: url(https:\/\/artpush.hu\/deingatlan\/wp-content\/uploads\/2025\/10\/franzberg_haus-schnaittach_ext-01.jpg?id=5509) !important;background-position: center !important;background-repeat: no-repeat !important;background-size: cover !important;}&#8220; bg_overlay_color=&#8220;#000000&#8243; el_class=&#8220;vc-col-no-pt&#8220;][vc_column][g5element_space spacing=&#8220;161&#8243; spacing_md=&#8220;120&#8243;][g5element_heading layout_style=&#8220;style-02&#8243; title=&#8220;\u00dcber uns&#8220; limit_width=&#8220;750&#8243; title_typography=&#8220;%7B%22font_family%22%3A%22Poppins%22%2C%22font_weight%22%3A%22400%22%2C%22font_style%22%3A%22normal%22%2C%22font_size_lg%22%3A%2242%22%2C%22font_size_md%22%3A%22%22%2C%22font_size_sm%22%3A%22%22%2C%22font_size_xs%22%3A%22%22%2C%22align%22%3A%22%22%2C%22text_transform%22%3A%22%22%2C%22line_height%22%3A%221.52%22%2C%22letter_spacing%22%3A%22%22%2C%22color%22%3A%22%23ffffff%22%2C%22hover_color%22%3A%22%22%7D&#8220;][g5element_space spacing=&#8220;242&#8243; spacing_md=&#8220;120&#8243;][\/vc_column][\/vc_row][vc_section full_width=&#8220;stretch_row&#8220; el_class=&#8220;custom-bg-page-contact-01 custom-overflow-unset&#8220;][vc_row el_class=&#8220;vc-col-no-pt md-mg-mt-0 position-relative&#8220; css=&#8220;.vc_custom_1604741225129{margin-top: -100px !important;background-color: #ffffff !important;border-radius: 5px !important;}&#8220;][vc_column][g5element_space spacing=&#8220;&#8220; spacing_md=&#8220;80&#8243;][g5element_heading layout_style=&#8220;style-02&#8243; title=&#8220;Die Franz Berg Apartman Kft. wurde 2014 mit dem Ziel gegr\u00fcndet, hochwertige und gut ausgestattete Unterk\u00fcnfte f\u00fcr Arbeitnehmer und Langzeitg\u00e4ste anzubieten. Unsere Hauptt\u00e4tigkeit umfasst die Vermietung und den Betrieb von eigenen sowie gemieteten Immobilien.&#8220; limit_width=&#8220;970&#8243; css=&#8220;.vc_custom_1774350880675{margin-bottom: 26px !important;}&#8220;][g5element_space spacing=&#8220;23&#8243;][\/vc_column][vc_column offset=&#8220;vc_col-lg-offset-2 vc_col-lg-8 vc_col-md-offset-1 vc_col-md-10&#8243;][vc_column_text css=&#8220;&#8220;]<\/p>\n<p class=\"text-center\" style=\"font-size: 16px; max-width: 830px; margin: 0px auto; text-align: left;\">Bei der Gestaltung unserer Immobilien streben wir stets danach, f\u00fcr unsere G\u00e4ste ein zweites Zuhause zu schaffen \u2013 eine Umgebung, in der Erholung echte Regeneration bedeutet und auch zur t\u00e4glichen Leistungsf\u00e4higkeit beitr\u00e4gt.<\/p>\n<p class=\"text-center\" style=\"font-size: 16px; max-width: 830px; margin: 0px auto; text-align: left;\">Es ist uns wichtig, dass sich jeder \u2013 egal ob bei einem kurzen oder l\u00e4ngeren Aufenthalt \u2013 in einer komfortablen, sauberen und wohnlichen Atmosph\u00e4re wohlf\u00fchlt. Wir entwickeln unsere Apartments kontinuierlich weiter, damit das Niveau unserer Dienstleistungen stets den Erwartungen unserer Partner und G\u00e4ste entspricht.<\/p>\n<p>[\/vc_column_text][g5element_space spacing=&#8220;85&#8243; spacing_md=&#8220;60&#8243;][\/vc_column][\/vc_row][\/vc_section][vc_row full_width=&#8220;stretch_row&#8220; css=&#8220;.vc_custom_1602906189917{background-color: #fafafa !important;}&#8220; el_class=&#8220;vc-col-no-pt&#8220;][vc_column][g5element_gallery_slider columns_xl=&#8220;3&#8243; columns_lg=&#8220;3&#8243; slider_navigation_enable=&#8220;on&#8220; image_size=&#8220;full&#8220; images=&#8220;6470,5952,5932,5928,5483,5467,5445,5437,5425,5418&#8243;][\/vc_column][\/vc_row][vc_row][vc_column][g5element_space][\/vc_column][\/vc_row]<\/p>\n<\/div>","protected":false},"excerpt":{"rendered":"<p>[vc_row full_width=&#8220;stretch_row&#8220; bg_overlay_mode=&#8220;color&#8220; bg_overlay_opacity=&#8220;40&#8243; css=&#8220;.vc_custom_1762855856841{background-image: url(https:\/\/artpush.hu\/deingatlan\/wp-content\/uploads\/2025\/10\/franzberg_haus-schnaittach_ext-01.jpg?id=5509) !important;background-position: center !important;background-repeat: no-repeat !important;background-size: cover !important;}&#8220; bg_overlay_color=&#8220;#000000&#8243; el_class=&#8220;vc-col-no-pt&#8220;][vc_column][g5element_space spacing=&#8220;161&#8243; spacing_md=&#8220;120&#8243;][g5element_heading layout_style=&#8220;style-02&#8243; title=&#8220;\u00dcber uns&#8220; limit_width=&#8220;750&#8243; title_typography=&#8220;%7B%22font_family%22%3A%22Poppins%22%2C%22font_weight%22%3A%22400%22%2C%22font_style%22%3A%22normal%22%2C%22font_size_lg%22%3A%2242%22%2C%22font_size_md%22%3A%22%22%2C%22font_size_sm%22%3A%22%22%2C%22font_size_xs%22%3A%22%22%2C%22align%22%3A%22%22%2C%22text_transform%22%3A%22%22%2C%22line_height%22%3A%221.52%22%2C%22letter_spacing%22%3A%22%22%2C%22color%22%3A%22%23ffffff%22%2C%22hover_color%22%3A%22%22%7D&#8220;][g5element_space spacing=&#8220;242&#8243; spacing_md=&#8220;120&#8243;][\/vc_column][\/vc_row][vc_section full_width=&#8220;stretch_row&#8220; el_class=&#8220;custom-bg-page-contact-01 custom-overflow-unset&#8220;][vc_row el_class=&#8220;vc-col-no-pt md-mg-mt-0 position-relative&#8220; css=&#8220;.vc_custom_1604741225129{margin-top: -100px !important;background-color: #ffffff !important;border-radius: 5px !important;}&#8220;][vc_column][g5element_space spacing=&#8220;&#8220; spacing_md=&#8220;80&#8243;][g5element_heading layout_style=&#8220;style-02&#8243; title=&#8220;Die Franz Berg Apartman Kft. wurde 2014 mit dem Ziel gegr\u00fcndet, hochwertige und gut ausgestattete [&hellip;]<\/p>\n","protected":false},"author":1,"featured_media":0,"parent":0,"menu_order":0,"comment_status":"closed","ping_status":"closed","template":"","meta":{"footnotes":""},"class_list":["post-6610","page","type-page","status-publish","hentry"],"_links":{"self":[{"href":"https:\/\/franzberg.smartbits.hu\/de\/wp-json\/wp\/v2\/pages\/6610","targetHints":{"allow":["GET"]}}],"collection":[{"href":"https:\/\/franzberg.smartbits.hu\/de\/wp-json\/wp\/v2\/pages"}],"about":[{"href":"https:\/\/franzberg.smartbits.hu\/de\/wp-json\/wp\/v2\/types\/page"}],"author":[{"embeddable":true,"href":"https:\/\/franzberg.smartbits.hu\/de\/wp-json\/wp\/v2\/users\/1"}],"replies":[{"embeddable":true,"href":"https:\/\/franzberg.smartbits.hu\/de\/wp-json\/wp\/v2\/comments?post=6610"}],"version-history":[{"count":3,"href":"https:\/\/franzberg.smartbits.hu\/de\/wp-json\/wp\/v2\/pages\/6610\/revisions"}],"predecessor-version":[{"id":6613,"href":"https:\/\/franzberg.smartbits.hu\/de\/wp-json\/wp\/v2\/pages\/6610\/revisions\/6613"}],"wp:attachment":[{"href":"https:\/\/franzberg.smartbits.hu\/de\/wp-json\/wp\/v2\/media?parent=6610"}],"curies":[{"name":"wp","href":"https:\/\/api.w.org\/{rel}","templated":true}]}}