{"id":6614,"date":"2020-07-10T04:20:34","date_gmt":"2020-07-10T02:20:34","guid":{"rendered":"https:\/\/franzberg.smartbits.hu\/kapcsolat\/"},"modified":"2026-03-24T12:26:43","modified_gmt":"2026-03-24T11:26:43","slug":"kapcsolat","status":"publish","type":"page","link":"https:\/\/franzberg.smartbits.hu\/de\/kapcsolat\/","title":{"rendered":"Kontakt"},"content":{"rendered":"<div class=\"wpb-content-wrapper\"><p>[vc_row][vc_column][g5element_heading layout_style=&#8220;style-02&#8243; title=&#8220;Buchung &amp; Kontakt&#8220; description=&#8220;An Werktagen 8:00 &#8211; 16:00&#8243;][g5element_space][vc_row_inner][vc_column_inner width=&#8220;1\/3&#8243;][g5element_icon_box layout_style=&#8220;style-02&#8243; icon_font=&#8220;fas fa-phone&#8220; title=&#8220;Telefon:&#8220;]<strong><a href=\"tel:+49162 8025094\">+49 162 8025094<\/a><\/strong>[\/g5element_icon_box][\/vc_column_inner][vc_column_inner width=&#8220;1\/3&#8243;][g5element_icon_box layout_style=&#8220;style-02&#8243; icon_font=&#8220;fas fa-building&#8220; title=&#8220;Buchen Sie jetzt online!&#8220; link=&#8220;target:_blank&#8220; switch_show_button=&#8220;&#8220;]<\/p>\n<div class=\"elementor-element elementor-element-87a64c5 elementor-widget__width-initial elementor-widget elementor-widget-text-editor\" data-id=\"87a64c5\" data-element_type=\"widget\" data-widget_type=\"text-editor.default\">\n<div class=\"elementor-widget-container\">\n<p style=\"text-align: center;\">(in Entwicklung)<\/p>\n<p><strong>F\u00fcr eine Online-Buchung kontaktieren Sie uns bitte direkt per E-Mail oder Telefon.<\/strong><\/p>\n<\/div>\n<\/div>\n<p>[\/g5element_icon_box][\/vc_column_inner][vc_column_inner width=&#8220;1\/3&#8243;][g5element_icon_box layout_style=&#8220;style-02&#8243; icon_font=&#8220;fas fa-comment&#8220; title=&#8220;E-mail:&#8220;]<strong><a href=\"mailto:info@franzberg.smartbits.hu\"><span class=\"elementor-icon-list-text\">info@franzberg.smartbits.hu<\/span><\/a><\/strong>[\/g5element_icon_box][\/vc_column_inner][\/vc_row_inner][g5element_space][vc_row_inner content_placement=&#8220;middle&#8220;][vc_column_inner width=&#8220;1\/2&#8243;][vc_single_image image=&#8220;5568&#8243; img_size=&#8220;full&#8220; css=&#8220;&#8220;][\/vc_column_inner][vc_column_inner width=&#8220;1\/2&#8243;][g5element_heading title=&#8220;Senden Sie uns eine Nachricht.&#8220;]\n<div class=\"wpcf7 no-js\" id=\"wpcf7-f5-o1\" lang=\"en-US\" dir=\"ltr\" data-wpcf7-id=\"5\">\n<div class=\"screen-reader-response\"><p role=\"status\" aria-live=\"polite\" aria-atomic=\"true\"><\/p> <ul><\/ul><\/div>\n<form action=\"\/de\/wp-json\/wp\/v2\/pages\/6614#wpcf7-f5-o1\" method=\"post\" class=\"wpcf7-form init\" aria-label=\"Contact form\" novalidate=\"novalidate\" data-status=\"init\">\n<fieldset class=\"hidden-fields-container\"><input type=\"hidden\" name=\"_wpcf7\" value=\"5\" \/><input type=\"hidden\" name=\"_wpcf7_version\" value=\"6.1.5\" \/><input type=\"hidden\" name=\"_wpcf7_locale\" value=\"en_US\" \/><input type=\"hidden\" name=\"_wpcf7_unit_tag\" value=\"wpcf7-f5-o1\" \/><input type=\"hidden\" name=\"_wpcf7_container_post\" value=\"0\" \/><input type=\"hidden\" name=\"_wpcf7_posted_data_hash\" value=\"\" \/>\n<\/fieldset>\n<p><label> N\u00e9v (k\u00f6telez\u0151)<br \/>\n<span class=\"wpcf7-form-control-wrap\" data-name=\"your-name\"><input size=\"40\" maxlength=\"400\" class=\"wpcf7-form-control wpcf7-text wpcf7-validates-as-required\" aria-required=\"true\" aria-invalid=\"false\" value=\"\" type=\"text\" name=\"your-name\" \/><\/span> <\/label>\n<\/p>\n<p><label> E-mail (k\u00f6telez\u0151)<br \/>\n<span class=\"wpcf7-form-control-wrap\" data-name=\"your-email\"><input size=\"40\" maxlength=\"400\" class=\"wpcf7-form-control wpcf7-email wpcf7-validates-as-required wpcf7-text wpcf7-validates-as-email\" aria-required=\"true\" aria-invalid=\"false\" value=\"\" type=\"email\" name=\"your-email\" \/><\/span> <\/label>\n<\/p>\n<p><label> Megjegyz\u00e9s<br \/>\n<span class=\"wpcf7-form-control-wrap\" data-name=\"your-message\"><textarea cols=\"40\" rows=\"10\" maxlength=\"2000\" class=\"wpcf7-form-control wpcf7-textarea\" aria-invalid=\"false\" name=\"your-message\"><\/textarea><\/span> <\/label>\n<\/p>\n<p><input class=\"wpcf7-form-control wpcf7-submit has-spinner\" type=\"submit\" value=\"K\u00fcld\u00e9s\" \/>\n<\/p><div class=\"wpcf7-response-output\" aria-hidden=\"true\"><\/div>\n<\/form>\n<\/div>\n[\/vc_column_inner][\/vc_row_inner][g5element_space][\/vc_column][\/vc_row]<\/p>\n<\/div>","protected":false},"excerpt":{"rendered":"<p>[vc_row][vc_column][g5element_heading layout_style=&#8220;style-02&#8243; title=&#8220;Buchung &amp; Kontakt&#8220; description=&#8220;An Werktagen 8:00 &#8211; 16:00&#8243;][g5element_space][vc_row_inner][vc_column_inner width=&#8220;1\/3&#8243;][g5element_icon_box layout_style=&#8220;style-02&#8243; icon_font=&#8220;fas fa-phone&#8220; title=&#8220;Telefon:&#8220;]+49 162 8025094[\/g5element_icon_box][\/vc_column_inner][vc_column_inner width=&#8220;1\/3&#8243;][g5element_icon_box layout_style=&#8220;style-02&#8243; icon_font=&#8220;fas fa-building&#8220; title=&#8220;Buchen Sie jetzt online!&#8220; link=&#8220;target:_blank&#8220; switch_show_button=&#8220;&#8220;] (in Entwicklung) F\u00fcr eine Online-Buchung kontaktieren Sie uns bitte direkt per E-Mail oder Telefon. [\/g5element_icon_box][\/vc_column_inner][vc_column_inner width=&#8220;1\/3&#8243;][g5element_icon_box layout_style=&#8220;style-02&#8243; icon_font=&#8220;fas fa-comment&#8220; title=&#8220;E-mail:&#8220;]info@franzberg.smartbits.hu[\/g5element_icon_box][\/vc_column_inner][\/vc_row_inner][g5element_space][vc_row_inner content_placement=&#8220;middle&#8220;][vc_column_inner width=&#8220;1\/2&#8243;][vc_single_image image=&#8220;5568&#8243; img_size=&#8220;full&#8220; css=&#8220;&#8220;][\/vc_column_inner][vc_column_inner width=&#8220;1\/2&#8243;][g5element_heading title=&#8220;Senden Sie [&hellip;]<\/p>\n","protected":false},"author":1,"featured_media":0,"parent":0,"menu_order":0,"comment_status":"closed","ping_status":"closed","template":"","meta":{"footnotes":""},"class_list":["post-6614","page","type-page","status-publish","hentry"],"_links":{"self":[{"href":"https:\/\/franzberg.smartbits.hu\/de\/wp-json\/wp\/v2\/pages\/6614","targetHints":{"allow":["GET"]}}],"collection":[{"href":"https:\/\/franzberg.smartbits.hu\/de\/wp-json\/wp\/v2\/pages"}],"about":[{"href":"https:\/\/franzberg.smartbits.hu\/de\/wp-json\/wp\/v2\/types\/page"}],"author":[{"embeddable":true,"href":"https:\/\/franzberg.smartbits.hu\/de\/wp-json\/wp\/v2\/users\/1"}],"replies":[{"embeddable":true,"href":"https:\/\/franzberg.smartbits.hu\/de\/wp-json\/wp\/v2\/comments?post=6614"}],"version-history":[{"count":3,"href":"https:\/\/franzberg.smartbits.hu\/de\/wp-json\/wp\/v2\/pages\/6614\/revisions"}],"predecessor-version":[{"id":6617,"href":"https:\/\/franzberg.smartbits.hu\/de\/wp-json\/wp\/v2\/pages\/6614\/revisions\/6617"}],"wp:attachment":[{"href":"https:\/\/franzberg.smartbits.hu\/de\/wp-json\/wp\/v2\/media?parent=6614"}],"curies":[{"name":"wp","href":"https:\/\/api.w.org\/{rel}","templated":true}]}}